{"id":7076,"date":"2019-12-10T09:39:26","date_gmt":"2019-12-10T09:39:26","guid":{"rendered":"https:\/\/xauentours.com\/visitas\/"},"modified":"2024-10-30T19:42:09","modified_gmt":"2024-10-30T19:42:09","slug":"visitas","status":"publish","type":"page","link":"https:\/\/xauentours.com\/es\/visitas\/","title":{"rendered":"VISITAS"},"content":{"rendered":"<p>[vc_row][vc_column]<div class=\"tour-list row add-clearfix\">\r\n<div class=\"strip_all_tour_list wow fadeIn\" data-wow-delay=\"0.1s\">\r\n\r\n\t<div class=\"row\">\r\n\r\n\t\t<div class=\"col-lg-4 col-md-4 col-sm-4\">\r\n\t\t\t\t\t\t\t<div class=\"ribbon_3\"><span>Destacado<\/span><\/div>\r\n\t\t\t\t\t\t\t\t\t<div class=\"wishlist\">\r\n\t\t\t\t<a class=\"tooltip_flip tooltip-effect-1 btn-add-wishlist\" href=\"#\" data-post-id=\"7105\"><span class=\"wishlist-sign\">+<\/span><span class=\"tooltip-content-flip\"><span class=\"tooltip-back\">A\u00f1adir a la lista<\/span><\/span><\/a>\r\n\t\t\t\t<a class=\"tooltip_flip tooltip-effect-1 btn-remove-wishlist\" href=\"#\" data-post-id=\"7105\" style=\"display:none;\"><span class=\"wishlist-sign\">-<\/span><span class=\"tooltip-content-flip\"><span class=\"tooltip-back\">Eliminar de la lista de deseos<\/span><\/span><\/a>\r\n\t\t\t<\/div>\r\n\t\t\t\r\n\t\t\t<div class=\"img_list\">\r\n\t\t\t\t<a href=\"https:\/\/xauentours.com\/es\/tour\/tangier-day-trip-exclusively-crafted-for-you-by-xauen-tours\/\">\r\n\t\t\t\t\t<img width=\"330\" height=\"220\" src=\"https:\/\/xauentours.com\/wp-content\/uploads\/2024\/12\/TANGIER-DAY-TRIP-1-400x267.jpg\" class=\"attachment-330x220 size-330x220 wp-post-image\" alt=\"\" decoding=\"async\" srcset=\"https:\/\/xauentours.com\/wp-content\/uploads\/2024\/12\/TANGIER-DAY-TRIP-1-400x267.jpg 400w, https:\/\/xauentours.com\/wp-content\/uploads\/2024\/12\/TANGIER-DAY-TRIP-1-200x133.jpg 200w\" sizes=\"(max-width: 330px) 100vw, 330px\" \/>\t\t\t\t\t\t\t\t\t\t\t<div class=\"badge_save\">Save<strong>15%<\/strong><\/div>\r\n\t\t\t\t\t\t\t\t\t\t<div class=\"short_info\">Excursi\u00f3n de un d\u00eda <\/div>\t\t\t\t<\/a>\r\n\t\t\t<\/div>\r\n\t\t<\/div>\r\n\r\n\t\t<div class=\"clearfix visible-xs-block\"><\/div>\r\n\r\n\t\t<div class=\"col-lg-6 col-md-6 col-sm-6\">\r\n\t\t\t<div class=\"tour_list_desc\">\r\n\t\t\t\t<div class=\"rating\"><i class=\"icon-smile\"><\/i><i class=\"icon-smile\"><\/i><i class=\"icon-smile\"><\/i><i class=\"icon-smile\"><\/i><i class=\"icon-smile\"><\/i><small>(0)<\/small><\/div>\r\n\r\n\t\t\t\t<h3>EXCURSI\u00d3N A TANGER<\/h3>\r\n\r\n\t\t\t\t<p>La visita guiada de T\u00e1nger consiste en un recorrido tur\u00edstico por los lugares m\u00e1s emblem\u00e1ticos de la ciudad, como la Ville Nouvelle, el Cap Spartel y el pantano de H\u00e9rcules.<\/p>\r\n\t\t\t<\/div>\r\n\t\t<\/div>\r\n\r\n\t\t<div class=\"col-lg-2 col-md-2 col-sm-2\">\r\n\t\t\t<div class=\"price_list\">\r\n\t\t\t\t<div>\r\n\t\t\t\t\t<span><sup>\u20ac<\/sup>45.0<\/span><small >*Por persona<\/small>\r\n\t\t\t\t\t<p><a href=\"https:\/\/xauentours.com\/es\/tour\/tangier-day-trip-exclusively-crafted-for-you-by-xauen-tours\/\" class=\"btn_1\">Detalles<\/a><\/p>\r\n\t\t\t\t<\/div>\r\n\t\t\t<\/div>\r\n\t\t<\/div>\r\n\t\t\r\n\t<\/div>\r\n\r\n<\/div><!--End strip -->\r\n<div class=\"strip_all_tour_list wow fadeIn\" data-wow-delay=\"0.1s\">\r\n\r\n\t<div class=\"row\">\r\n\r\n\t\t<div class=\"col-lg-4 col-md-4 col-sm-4\">\r\n\t\t\t\t\t\t\t<div class=\"ribbon_3\"><span>Destacado<\/span><\/div>\r\n\t\t\t\t\t\t\t\t\t<div class=\"wishlist\">\r\n\t\t\t\t<a class=\"tooltip_flip tooltip-effect-1 btn-add-wishlist\" href=\"#\" data-post-id=\"7087\"><span class=\"wishlist-sign\">+<\/span><span class=\"tooltip-content-flip\"><span class=\"tooltip-back\">A\u00f1adir a la lista<\/span><\/span><\/a>\r\n\t\t\t\t<a class=\"tooltip_flip tooltip-effect-1 btn-remove-wishlist\" href=\"#\" data-post-id=\"7087\" style=\"display:none;\"><span class=\"wishlist-sign\">-<\/span><span class=\"tooltip-content-flip\"><span class=\"tooltip-back\">Eliminar de la lista de deseos<\/span><\/span><\/a>\r\n\t\t\t<\/div>\r\n\t\t\t\r\n\t\t\t<div class=\"img_list\">\r\n\t\t\t\t<a href=\"https:\/\/xauentours.com\/es\/tour\/from-tangier-day-trip-to-tetouan\/\">\r\n\t\t\t\t\t<img width=\"330\" height=\"220\" src=\"https:\/\/xauentours.com\/wp-content\/uploads\/2024\/10\/xauen-tours-From-Tangier-Day-Trip-to-Tetouan-400x267.jpg\" class=\"attachment-330x220 size-330x220 wp-post-image\" alt=\"\" decoding=\"async\" srcset=\"https:\/\/xauentours.com\/wp-content\/uploads\/2024\/10\/xauen-tours-From-Tangier-Day-Trip-to-Tetouan-400x267.jpg 400w, https:\/\/xauentours.com\/wp-content\/uploads\/2024\/10\/xauen-tours-From-Tangier-Day-Trip-to-Tetouan-200x133.jpg 200w\" sizes=\"(max-width: 330px) 100vw, 330px\" \/>\t\t\t\t\t\t\t\t\t\t\t<div class=\"badge_save\">Save<strong>15%<\/strong><\/div>\r\n\t\t\t\t\t\t\t\t\t\t<div class=\"short_info\">Excursi\u00f3n de un d\u00eda <\/div>\t\t\t\t<\/a>\r\n\t\t\t<\/div>\r\n\t\t<\/div>\r\n\r\n\t\t<div class=\"clearfix visible-xs-block\"><\/div>\r\n\r\n\t\t<div class=\"col-lg-6 col-md-6 col-sm-6\">\r\n\t\t\t<div class=\"tour_list_desc\">\r\n\t\t\t\t<div class=\"rating\"><i class=\"icon-smile\"><\/i><i class=\"icon-smile\"><\/i><i class=\"icon-smile\"><\/i><i class=\"icon-smile\"><\/i><i class=\"icon-smile\"><\/i><small>(0)<\/small><\/div>\r\n\r\n\t\t\t\t<h3>Desde T\u00e1nger Excursi\u00f3n de un d\u00eda a Tetu\u00e1n<\/h3>\r\n\r\n\t\t\t\t<p>Emprenda una excursi\u00f3n cultural de un d\u00eda a Tetu\u00e1n desde T\u00e1nger. Pasar\u00e1 el d\u00eda explorando la Medina Vieja de Tetu\u00e1n, declarada Patrimonio de la Humanidad por la UNESCO, con su arraigado patrimonio cultural.<\/p>\r\n\t\t\t<\/div>\r\n\t\t<\/div>\r\n\r\n\t\t<div class=\"col-lg-2 col-md-2 col-sm-2\">\r\n\t\t\t<div class=\"price_list\">\r\n\t\t\t\t<div>\r\n\t\t\t\t\t<span><sup>\u20ac<\/sup>60.0<\/span><small >*Por persona<\/small>\r\n\t\t\t\t\t<p><a href=\"https:\/\/xauentours.com\/es\/tour\/from-tangier-day-trip-to-tetouan\/\" class=\"btn_1\">Detalles<\/a><\/p>\r\n\t\t\t\t<\/div>\r\n\t\t\t<\/div>\r\n\t\t<\/div>\r\n\t\t\r\n\t<\/div>\r\n\r\n<\/div><!--End strip -->\r\n<div class=\"strip_all_tour_list wow fadeIn\" data-wow-delay=\"0.1s\">\r\n\r\n\t<div class=\"row\">\r\n\r\n\t\t<div class=\"col-lg-4 col-md-4 col-sm-4\">\r\n\t\t\t\t\t\t\t<div class=\"ribbon_3\"><span>Destacado<\/span><\/div>\r\n\t\t\t\t\t\t\t\t\t<div class=\"wishlist\">\r\n\t\t\t\t<a class=\"tooltip_flip tooltip-effect-1 btn-add-wishlist\" href=\"#\" data-post-id=\"7203\"><span class=\"wishlist-sign\">+<\/span><span class=\"tooltip-content-flip\"><span class=\"tooltip-back\">A\u00f1adir a la lista<\/span><\/span><\/a>\r\n\t\t\t\t<a class=\"tooltip_flip tooltip-effect-1 btn-remove-wishlist\" href=\"#\" data-post-id=\"7203\" style=\"display:none;\"><span class=\"wishlist-sign\">-<\/span><span class=\"tooltip-content-flip\"><span class=\"tooltip-back\">Eliminar de la lista de deseos<\/span><\/span><\/a>\r\n\t\t\t<\/div>\r\n\t\t\t\r\n\t\t\t<div class=\"img_list\">\r\n\t\t\t\t<a href=\"https:\/\/xauentours.com\/es\/tour\/from-tangier-day-trip-to-chefchaouen-and-akchour-waterfalls\/\">\r\n\t\t\t\t\t<img width=\"330\" height=\"220\" src=\"https:\/\/xauentours.com\/wp-content\/uploads\/2024\/12\/From-Tangier-Day-Trip-to-Chefchaouen-and-Akchour-Waterfalls-400x267.jpg\" class=\"attachment-330x220 size-330x220 wp-post-image\" alt=\"\" decoding=\"async\" srcset=\"https:\/\/xauentours.com\/wp-content\/uploads\/2024\/12\/From-Tangier-Day-Trip-to-Chefchaouen-and-Akchour-Waterfalls-400x267.jpg 400w, https:\/\/xauentours.com\/wp-content\/uploads\/2024\/12\/From-Tangier-Day-Trip-to-Chefchaouen-and-Akchour-Waterfalls-200x133.jpg 200w\" sizes=\"(max-width: 330px) 100vw, 330px\" \/>\t\t\t\t\t\t\t\t\t\t<div class=\"short_info\">Excursi\u00f3n de un d\u00eda <\/div>\t\t\t\t<\/a>\r\n\t\t\t<\/div>\r\n\t\t<\/div>\r\n\r\n\t\t<div class=\"clearfix visible-xs-block\"><\/div>\r\n\r\n\t\t<div class=\"col-lg-6 col-md-6 col-sm-6\">\r\n\t\t\t<div class=\"tour_list_desc\">\r\n\t\t\t\t<div class=\"rating\"><i class=\"icon-smile\"><\/i><i class=\"icon-smile\"><\/i><i class=\"icon-smile\"><\/i><i class=\"icon-smile\"><\/i><i class=\"icon-smile\"><\/i><small>(0)<\/small><\/div>\r\n\r\n\t\t\t\t<h3>Desde T\u00e1nger: Excursi\u00f3n de un d\u00eda a Chefchaouen y las Cascadas de Akchour<\/h3>\r\n\r\n\t\t\t\t<p>Desde T\u00e1nger Excursi\u00f3n de un d\u00eda a Chefchaouen y las Cascadas de Akchour Desde T\u00e1nger, Excursi\u00f3n de un D\u00eda a<\/p>\r\n\t\t\t<\/div>\r\n\t\t<\/div>\r\n\r\n\t\t<div class=\"col-lg-2 col-md-2 col-sm-2\">\r\n\t\t\t<div class=\"price_list\">\r\n\t\t\t\t<div>\r\n\t\t\t\t\t<span><sup>\u20ac<\/sup>70.0<\/span><small >*Por persona<\/small>\r\n\t\t\t\t\t<p><a href=\"https:\/\/xauentours.com\/es\/tour\/from-tangier-day-trip-to-chefchaouen-and-akchour-waterfalls\/\" class=\"btn_1\">Detalles<\/a><\/p>\r\n\t\t\t\t<\/div>\r\n\t\t\t<\/div>\r\n\t\t<\/div>\r\n\t\t\r\n\t<\/div>\r\n\r\n<\/div><!--End strip -->\r\n<div class=\"strip_all_tour_list wow fadeIn\" data-wow-delay=\"0.1s\">\r\n\r\n\t<div class=\"row\">\r\n\r\n\t\t<div class=\"col-lg-4 col-md-4 col-sm-4\">\r\n\t\t\t\t\t\t\t<div class=\"ribbon_3\"><span>Destacado<\/span><\/div>\r\n\t\t\t\t\t\t\t\t\t<div class=\"wishlist\">\r\n\t\t\t\t<a class=\"tooltip_flip tooltip-effect-1 btn-add-wishlist\" href=\"#\" data-post-id=\"7207\"><span class=\"wishlist-sign\">+<\/span><span class=\"tooltip-content-flip\"><span class=\"tooltip-back\">A\u00f1adir a la lista<\/span><\/span><\/a>\r\n\t\t\t\t<a class=\"tooltip_flip tooltip-effect-1 btn-remove-wishlist\" href=\"#\" data-post-id=\"7207\" style=\"display:none;\"><span class=\"wishlist-sign\">-<\/span><span class=\"tooltip-content-flip\"><span class=\"tooltip-back\">Eliminar de la lista de deseos<\/span><\/span><\/a>\r\n\t\t\t<\/div>\r\n\t\t\t\r\n\t\t\t<div class=\"img_list\">\r\n\t\t\t\t<a href=\"https:\/\/xauentours.com\/es\/tour\/from-tangier-full-day-trip-to-paradise-beach\/\">\r\n\t\t\t\t\t<img width=\"330\" height=\"220\" src=\"https:\/\/xauentours.com\/wp-content\/uploads\/2023\/08\/From-Tangier-Full-Day-Trip-To-Paradise-Beach-xaeun-tours-400x267.jpg\" class=\"attachment-330x220 size-330x220 wp-post-image\" alt=\"\" decoding=\"async\" srcset=\"https:\/\/xauentours.com\/wp-content\/uploads\/2023\/08\/From-Tangier-Full-Day-Trip-To-Paradise-Beach-xaeun-tours-400x267.jpg 400w, https:\/\/xauentours.com\/wp-content\/uploads\/2023\/08\/From-Tangier-Full-Day-Trip-To-Paradise-Beach-xaeun-tours-200x133.jpg 200w\" sizes=\"(max-width: 330px) 100vw, 330px\" \/>\t\t\t\t\t\t\t\t\t\t<div class=\"short_info\">Excursi\u00f3n de un d\u00eda <\/div>\t\t\t\t<\/a>\r\n\t\t\t<\/div>\r\n\t\t<\/div>\r\n\r\n\t\t<div class=\"clearfix visible-xs-block\"><\/div>\r\n\r\n\t\t<div class=\"col-lg-6 col-md-6 col-sm-6\">\r\n\t\t\t<div class=\"tour_list_desc\">\r\n\t\t\t\t<div class=\"rating\"><i class=\"icon-smile\"><\/i><i class=\"icon-smile\"><\/i><i class=\"icon-smile\"><\/i><i class=\"icon-smile\"><\/i><i class=\"icon-smile\"><\/i><small>(0)<\/small><\/div>\r\n\r\n\t\t\t\t<h3>Desde T\u00e1nger Excursi\u00f3n de un d\u00eda a la Playa Para\u00edso<\/h3>\r\n\r\n\t\t\t\t<p>Explore la campi\u00f1a marroqu\u00ed en una excursi\u00f3n autoguiada de un d\u00eda desde T\u00e1nger. Contemple antiguos paisajes y ciudades, monte en camello y disfrute de un almuerzo antes de darse un ba\u00f1o en Paradise Beach Briech...<\/p>\r\n\t\t\t<\/div>\r\n\t\t<\/div>\r\n\r\n\t\t<div class=\"col-lg-2 col-md-2 col-sm-2\">\r\n\t\t\t<div class=\"price_list\">\r\n\t\t\t\t<div>\r\n\t\t\t\t\t<span><sup>\u20ac<\/sup>85.0<\/span><small >*Por persona<\/small>\r\n\t\t\t\t\t<p><a href=\"https:\/\/xauentours.com\/es\/tour\/from-tangier-full-day-trip-to-paradise-beach\/\" class=\"btn_1\">Detalles<\/a><\/p>\r\n\t\t\t\t<\/div>\r\n\t\t\t<\/div>\r\n\t\t<\/div>\r\n\t\t\r\n\t<\/div>\r\n\r\n<\/div><!--End strip -->\r\n<div class=\"strip_all_tour_list wow fadeIn\" data-wow-delay=\"0.1s\">\r\n\r\n\t<div class=\"row\">\r\n\r\n\t\t<div class=\"col-lg-4 col-md-4 col-sm-4\">\r\n\t\t\t\t\t\t\t\t\t<div class=\"wishlist\">\r\n\t\t\t\t<a class=\"tooltip_flip tooltip-effect-1 btn-add-wishlist\" href=\"#\" data-post-id=\"7197\"><span class=\"wishlist-sign\">+<\/span><span class=\"tooltip-content-flip\"><span class=\"tooltip-back\">A\u00f1adir a la lista<\/span><\/span><\/a>\r\n\t\t\t\t<a class=\"tooltip_flip tooltip-effect-1 btn-remove-wishlist\" href=\"#\" data-post-id=\"7197\" style=\"display:none;\"><span class=\"wishlist-sign\">-<\/span><span class=\"tooltip-content-flip\"><span class=\"tooltip-back\">Eliminar de la lista de deseos<\/span><\/span><\/a>\r\n\t\t\t<\/div>\r\n\t\t\t\r\n\t\t\t<div class=\"img_list\">\r\n\t\t\t\t<a href=\"https:\/\/xauentours.com\/es\/tour\/from-chefchaouen-guided-tour-to-the-waterfalls-of-akchour\/\">\r\n\t\t\t\t\t<img width=\"330\" height=\"220\" src=\"https:\/\/xauentours.com\/wp-content\/uploads\/2020\/04\/maxresdefault-400x267.jpg\" class=\"attachment-330x220 size-330x220 wp-post-image\" alt=\"\" decoding=\"async\" srcset=\"https:\/\/xauentours.com\/wp-content\/uploads\/2020\/04\/maxresdefault-400x267.jpg 400w, https:\/\/xauentours.com\/wp-content\/uploads\/2020\/04\/maxresdefault-200x133.jpg 200w\" sizes=\"(max-width: 330px) 100vw, 330px\" \/>\t\t\t\t\t\t\t\t\t\t<div class=\"short_info\">Excursi\u00f3n de un d\u00eda <\/div>\t\t\t\t<\/a>\r\n\t\t\t<\/div>\r\n\t\t<\/div>\r\n\r\n\t\t<div class=\"clearfix visible-xs-block\"><\/div>\r\n\r\n\t\t<div class=\"col-lg-6 col-md-6 col-sm-6\">\r\n\t\t\t<div class=\"tour_list_desc\">\r\n\t\t\t\t<div class=\"rating\"><i class=\"icon-smile\"><\/i><i class=\"icon-smile\"><\/i><i class=\"icon-smile\"><\/i><i class=\"icon-smile\"><\/i><i class=\"icon-smile\"><\/i><small>(0)<\/small><\/div>\r\n\r\n\t\t\t\t<h3>Desde Chefchaouen: Excursi\u00f3n guiada a las cascadas de Akchour<\/h3>\r\n\r\n\t\t\t\t<p>Partiendo de su hotel en Chefchaouen, el d\u00eda se dedicar\u00e1 a explorar las monta\u00f1as del Rif (cascadas de Akchour)...<\/p>\r\n\t\t\t<\/div>\r\n\t\t<\/div>\r\n\r\n\t\t<div class=\"col-lg-2 col-md-2 col-sm-2\">\r\n\t\t\t<div class=\"price_list\">\r\n\t\t\t\t<div>\r\n\t\t\t\t\t<span><sup>\u20ac<\/sup>45.0<\/span><small >*Por persona<\/small>\r\n\t\t\t\t\t<p><a href=\"https:\/\/xauentours.com\/es\/tour\/from-chefchaouen-guided-tour-to-the-waterfalls-of-akchour\/\" class=\"btn_1\">Detalles<\/a><\/p>\r\n\t\t\t\t<\/div>\r\n\t\t\t<\/div>\r\n\t\t<\/div>\r\n\t\t\r\n\t<\/div>\r\n\r\n<\/div><!--End strip -->\r\n<div class=\"strip_all_tour_list wow fadeIn\" data-wow-delay=\"0.1s\">\r\n\r\n\t<div class=\"row\">\r\n\r\n\t\t<div class=\"col-lg-4 col-md-4 col-sm-4\">\r\n\t\t\t\t\t\t\t\t\t<div class=\"wishlist\">\r\n\t\t\t\t<a class=\"tooltip_flip tooltip-effect-1 btn-add-wishlist\" href=\"#\" data-post-id=\"7135\"><span class=\"wishlist-sign\">+<\/span><span class=\"tooltip-content-flip\"><span class=\"tooltip-back\">A\u00f1adir a la lista<\/span><\/span><\/a>\r\n\t\t\t\t<a class=\"tooltip_flip tooltip-effect-1 btn-remove-wishlist\" href=\"#\" data-post-id=\"7135\" style=\"display:none;\"><span class=\"wishlist-sign\">-<\/span><span class=\"tooltip-content-flip\"><span class=\"tooltip-back\">Eliminar de la lista de deseos<\/span><\/span><\/a>\r\n\t\t\t<\/div>\r\n\t\t\t\r\n\t\t\t<div class=\"img_list\">\r\n\t\t\t\t<a href=\"https:\/\/xauentours.com\/es\/tour\/panoramic-tour-of-tangier\/\">\r\n\t\t\t\t\t<img width=\"330\" height=\"220\" src=\"https:\/\/xauentours.com\/wp-content\/uploads\/2024\/12\/From-Tangier-Cap-Spartel-and-Hercules-Cave-with-Camel-Ride-1-400x267.jpg\" class=\"attachment-330x220 size-330x220 wp-post-image\" alt=\"\" decoding=\"async\" srcset=\"https:\/\/xauentours.com\/wp-content\/uploads\/2024\/12\/From-Tangier-Cap-Spartel-and-Hercules-Cave-with-Camel-Ride-1-400x267.jpg 400w, https:\/\/xauentours.com\/wp-content\/uploads\/2024\/12\/From-Tangier-Cap-Spartel-and-Hercules-Cave-with-Camel-Ride-1-200x133.jpg 200w\" sizes=\"(max-width: 330px) 100vw, 330px\" \/>\t\t\t\t\t\t\t\t\t\t<div class=\"short_info\">Excursi\u00f3n de un d\u00eda <\/div>\t\t\t\t<\/a>\r\n\t\t\t<\/div>\r\n\t\t<\/div>\r\n\r\n\t\t<div class=\"clearfix visible-xs-block\"><\/div>\r\n\r\n\t\t<div class=\"col-lg-6 col-md-6 col-sm-6\">\r\n\t\t\t<div class=\"tour_list_desc\">\r\n\t\t\t\t<div class=\"rating\"><i class=\"icon-smile\"><\/i><i class=\"icon-smile\"><\/i><i class=\"icon-smile\"><\/i><i class=\"icon-smile\"><\/i><i class=\"icon-smile\"><\/i><small>(0)<\/small><\/div>\r\n\r\n\t\t\t\t<h3>Visita panor\u00e1mica de T\u00e1nger<\/h3>\r\n\r\n\t\t\t\t<p>Este recorrido tur\u00edstico est\u00e1 dedicado a explorar la ciudad portuaria marroqu\u00ed de T\u00e1nger y sus alrededores. Vea muchos de los lugares emblem\u00e1ticos del centro de T\u00e1nger en un recorrido panor\u00e1mico por la ciudad....<\/p>\r\n\t\t\t<\/div>\r\n\t\t<\/div>\r\n\r\n\t\t<div class=\"col-lg-2 col-md-2 col-sm-2\">\r\n\t\t\t<div class=\"price_list\">\r\n\t\t\t\t<div>\r\n\t\t\t\t\t<span><sup>\u20ac<\/sup>30.0<\/span><small >*Por persona<\/small>\r\n\t\t\t\t\t<p><a href=\"https:\/\/xauentours.com\/es\/tour\/panoramic-tour-of-tangier\/\" class=\"btn_1\">Detalles<\/a><\/p>\r\n\t\t\t\t<\/div>\r\n\t\t\t<\/div>\r\n\t\t<\/div>\r\n\t\t\r\n\t<\/div>\r\n\r\n<\/div><!--End strip -->\r\n<div class=\"strip_all_tour_list wow fadeIn\" data-wow-delay=\"0.1s\">\r\n\r\n\t<div class=\"row\">\r\n\r\n\t\t<div class=\"col-lg-4 col-md-4 col-sm-4\">\r\n\t\t\t\t\t\t\t<div class=\"ribbon_3 popular\"><span>Hot<\/span><\/div>\r\n\t\t\t\t\t\t\t\t\t<div class=\"wishlist\">\r\n\t\t\t\t<a class=\"tooltip_flip tooltip-effect-1 btn-add-wishlist\" href=\"#\" data-post-id=\"7115\"><span class=\"wishlist-sign\">+<\/span><span class=\"tooltip-content-flip\"><span class=\"tooltip-back\">A\u00f1adir a la lista<\/span><\/span><\/a>\r\n\t\t\t\t<a class=\"tooltip_flip tooltip-effect-1 btn-remove-wishlist\" href=\"#\" data-post-id=\"7115\" style=\"display:none;\"><span class=\"wishlist-sign\">-<\/span><span class=\"tooltip-content-flip\"><span class=\"tooltip-back\">Eliminar de la lista de deseos<\/span><\/span><\/a>\r\n\t\t\t<\/div>\r\n\t\t\t\r\n\t\t\t<div class=\"img_list\">\r\n\t\t\t\t<a href=\"https:\/\/xauentours.com\/es\/tour\/larache-day-trip\/\">\r\n\t\t\t\t\t<img width=\"330\" height=\"220\" src=\"https:\/\/xauentours.com\/wp-content\/uploads\/2019\/12\/larache-feat-400x267.png\" class=\"attachment-330x220 size-330x220 wp-post-image\" alt=\"\" decoding=\"async\" srcset=\"https:\/\/xauentours.com\/wp-content\/uploads\/2019\/12\/larache-feat-400x267.png 400w, https:\/\/xauentours.com\/wp-content\/uploads\/2019\/12\/larache-feat-200x133.png 200w\" sizes=\"(max-width: 330px) 100vw, 330px\" \/>\t\t\t\t\t\t\t\t\t\t\t<div class=\"badge_save\">Save<strong>10%<\/strong><\/div>\r\n\t\t\t\t\t\t\t\t\t\t<div class=\"short_info\">Excursi\u00f3n de un d\u00eda <\/div>\t\t\t\t<\/a>\r\n\t\t\t<\/div>\r\n\t\t<\/div>\r\n\r\n\t\t<div class=\"clearfix visible-xs-block\"><\/div>\r\n\r\n\t\t<div class=\"col-lg-6 col-md-6 col-sm-6\">\r\n\t\t\t<div class=\"tour_list_desc\">\r\n\t\t\t\t<div class=\"rating\"><i class=\"icon-smile\"><\/i><i class=\"icon-smile\"><\/i><i class=\"icon-smile\"><\/i><i class=\"icon-smile\"><\/i><i class=\"icon-smile\"><\/i><small>(0)<\/small><\/div>\r\n\r\n\t\t\t\t<h3>EXCURSI\u00d3N DE UN D\u00cdA A LARACHE<\/h3>\r\n\r\n\t\t\t\t<p>Ap\u00fantese a la excursi\u00f3n privada de un d\u00eda a Larache desde T\u00e1nger &amp; pase el d\u00eda explorando esta ciudad menos transitada que posee una rica historia y una cultura \u00fanica...<\/p>\r\n\t\t\t<\/div>\r\n\t\t<\/div>\r\n\r\n\t\t<div class=\"col-lg-2 col-md-2 col-sm-2\">\r\n\t\t\t<div class=\"price_list\">\r\n\t\t\t\t<div>\r\n\t\t\t\t\t<span><sup>\u20ac<\/sup>75.0<\/span><small >*Por persona<\/small>\r\n\t\t\t\t\t<p><a href=\"https:\/\/xauentours.com\/es\/tour\/larache-day-trip\/\" class=\"btn_1\">Detalles<\/a><\/p>\r\n\t\t\t\t<\/div>\r\n\t\t\t<\/div>\r\n\t\t<\/div>\r\n\t\t\r\n\t<\/div>\r\n\r\n<\/div><!--End strip -->\r\n<div class=\"strip_all_tour_list wow fadeIn\" data-wow-delay=\"0.1s\">\r\n\r\n\t<div class=\"row\">\r\n\r\n\t\t<div class=\"col-lg-4 col-md-4 col-sm-4\">\r\n\t\t\t\t\t\t\t<div class=\"ribbon_3 popular\"><span>Hot<\/span><\/div>\r\n\t\t\t\t\t\t\t\t\t<div class=\"wishlist\">\r\n\t\t\t\t<a class=\"tooltip_flip tooltip-effect-1 btn-add-wishlist\" href=\"#\" data-post-id=\"7112\"><span class=\"wishlist-sign\">+<\/span><span class=\"tooltip-content-flip\"><span class=\"tooltip-back\">A\u00f1adir a la lista<\/span><\/span><\/a>\r\n\t\t\t\t<a class=\"tooltip_flip tooltip-effect-1 btn-remove-wishlist\" href=\"#\" data-post-id=\"7112\" style=\"display:none;\"><span class=\"wishlist-sign\">-<\/span><span class=\"tooltip-content-flip\"><span class=\"tooltip-back\">Eliminar de la lista de deseos<\/span><\/span><\/a>\r\n\t\t\t<\/div>\r\n\t\t\t\r\n\t\t\t<div class=\"img_list\">\r\n\t\t\t\t<a href=\"https:\/\/xauentours.com\/es\/tour\/rabat-day-trip\/\">\r\n\t\t\t\t\t<img width=\"330\" height=\"220\" src=\"https:\/\/xauentours.com\/wp-content\/uploads\/2019\/12\/rabat-feat-400x267.jpg\" class=\"attachment-330x220 size-330x220 wp-post-image\" alt=\"\" decoding=\"async\" srcset=\"https:\/\/xauentours.com\/wp-content\/uploads\/2019\/12\/rabat-feat.jpg 400w, https:\/\/xauentours.com\/wp-content\/uploads\/2019\/12\/rabat-feat-300x200.jpg 300w, https:\/\/xauentours.com\/wp-content\/uploads\/2019\/12\/rabat-feat-200x133.jpg 200w\" sizes=\"(max-width: 330px) 100vw, 330px\" \/>\t\t\t\t\t\t\t\t\t\t\t<div class=\"badge_save\">Save<strong>10%<\/strong><\/div>\r\n\t\t\t\t\t\t\t\t\t\t<div class=\"short_info\">Excursi\u00f3n de un d\u00eda <\/div>\t\t\t\t<\/a>\r\n\t\t\t<\/div>\r\n\t\t<\/div>\r\n\r\n\t\t<div class=\"clearfix visible-xs-block\"><\/div>\r\n\r\n\t\t<div class=\"col-lg-6 col-md-6 col-sm-6\">\r\n\t\t\t<div class=\"tour_list_desc\">\r\n\t\t\t\t<div class=\"rating\"><i class=\"icon-smile\"><\/i><i class=\"icon-smile\"><\/i><i class=\"icon-smile\"><\/i><i class=\"icon-smile\"><\/i><i class=\"icon-smile\"><\/i><small>(0)<\/small><\/div>\r\n\r\n\t\t\t\t<h3>EXCURSI\u00d3N DE UN D\u00cdA A RABAT<\/h3>\r\n\r\n\t\t\t\t<p>Ap\u00fantese a la excursi\u00f3n de un d\u00eda de T\u00e1nger a Rabat y pase el d\u00eda explorando lo que le ofrece esta capital administrativa y declarada Patrimonio de la Humanidad por la UNESCO. Conducir\u00e1 por la autopista directa a Rabat... <\/p>\r\n\t\t\t<\/div>\r\n\t\t<\/div>\r\n\r\n\t\t<div class=\"col-lg-2 col-md-2 col-sm-2\">\r\n\t\t\t<div class=\"price_list\">\r\n\t\t\t\t<div>\r\n\t\t\t\t\t<span><sup>\u20ac<\/sup>105.0<\/span><small >*Por persona<\/small>\r\n\t\t\t\t\t<p><a href=\"https:\/\/xauentours.com\/es\/tour\/rabat-day-trip\/\" class=\"btn_1\">Detalles<\/a><\/p>\r\n\t\t\t\t<\/div>\r\n\t\t\t<\/div>\r\n\t\t<\/div>\r\n\t\t\r\n\t<\/div>\r\n\r\n<\/div><!--End strip --><\/div>[\/vc_column][\/vc_row]<\/p>\n\n    <div class=\"xs_social_share_widget xs_share_url after_content \t\tmain_content  wslu-style-1 wslu-share-box-shaped wslu-fill-colored wslu-none wslu-share-horizontal wslu-theme-font-no wslu-main_content\">\n\n\t\t\n        <ul>\n\t\t\t        <\/ul>\n    <\/div> \n","protected":false},"excerpt":{"rendered":"<p>[vc_row][vc_column][\/vc_column][\/vc_row]<\/p>\n","protected":false},"author":3,"featured_media":0,"parent":0,"menu_order":0,"comment_status":"closed","ping_status":"closed","template":"","meta":{"postBodyCss":"","postBodyMargin":[],"postBodyPadding":[],"postBodyBackground":{"backgroundType":"classic","gradient":""},"footnotes":""},"yoast_head":"<!-- This site is optimized with the Yoast SEO Premium plugin v15.1.2 - https:\/\/yoast.com\/wordpress\/plugins\/seo\/ -->\n<title>Tangier to Chefchaouen day trip<\/title>\n<meta name=\"description\" content=\"The Full daytrip to chefchaouen &amp; the panoramic of Tangier offers an excellent opportunity to spend the day exploring this artistic blue-city\" \/>\n<meta name=\"robots\" content=\"index, follow, max-snippet:-1, max-image-preview:large, max-video-preview:-1\" \/>\n<link rel=\"canonical\" href=\"https:\/\/xauentours.com\/es\/visitas\/\" \/>\n<meta property=\"og:locale\" content=\"es_ES\" \/>\n<meta property=\"og:type\" content=\"article\" \/>\n<meta property=\"og:title\" content=\"Tangier to Chefchaouen day trip\" \/>\n<meta property=\"og:description\" content=\"The Full daytrip to chefchaouen &amp; the panoramic of Tangier offers an excellent opportunity to spend the day exploring this artistic blue-city\" \/>\n<meta property=\"og:url\" content=\"https:\/\/xauentours.com\/es\/visitas\/\" \/>\n<meta property=\"og:site_name\" content=\"Xauen Tours\" \/>\n<meta property=\"article:publisher\" content=\"https:\/\/www.facebook.com\/xauentours2018\/\" \/>\n<meta property=\"article:modified_time\" content=\"2024-10-30T19:42:09+00:00\" \/>\n<meta name=\"twitter:card\" content=\"summary_large_image\" \/>\n<meta name=\"twitter:creator\" content=\"@xauentours\" \/>\n<meta name=\"twitter:site\" content=\"@xauentours\" \/>\n<script type=\"application\/ld+json\" class=\"yoast-schema-graph\">{\"@context\":\"https:\/\/schema.org\",\"@graph\":[{\"@type\":\"Organization\",\"@id\":\"https:\/\/xauentours.com\/es\/#organization\",\"name\":\"xauentours travel and transfer agency Tangier\",\"url\":\"https:\/\/xauentours.com\/es\/\",\"sameAs\":[\"https:\/\/www.facebook.com\/xauentours2018\/\",\"https:\/\/www.instagram.com\/xauentours\/\",\"https:\/\/www.linkedin.com\/in\/xauen-tours-256431320\/\",\"https:\/\/www.pinterest.com\/xauentours\/\",\"https:\/\/twitter.com\/xauentours\"],\"logo\":{\"@type\":\"ImageObject\",\"@id\":\"https:\/\/xauentours.com\/es\/#logo\",\"inLanguage\":\"es\",\"url\":\"https:\/\/xauentours.com\/wp-content\/uploads\/2022\/07\/66502987_1400691833401898_2303977120801488896_n.jpeg\",\"width\":959,\"height\":960,\"caption\":\"xauentours travel and transfer agency Tangier\"},\"image\":{\"@id\":\"https:\/\/xauentours.com\/es\/#logo\"}},{\"@type\":\"WebSite\",\"@id\":\"https:\/\/xauentours.com\/es\/#website\",\"url\":\"https:\/\/xauentours.com\/es\/\",\"name\":\"Xauen Tours\",\"description\":\"We&#039;ll drive you happy\",\"publisher\":{\"@id\":\"https:\/\/xauentours.com\/es\/#organization\"},\"potentialAction\":[{\"@type\":\"SearchAction\",\"target\":\"https:\/\/xauentours.com\/es\/?s={search_term_string}\",\"query-input\":\"required name=search_term_string\"}],\"inLanguage\":\"es\"},{\"@type\":\"WebPage\",\"@id\":\"https:\/\/xauentours.com\/es\/visitas\/#webpage\",\"url\":\"https:\/\/xauentours.com\/es\/visitas\/\",\"name\":\"Tangier to Chefchaouen day trip\",\"isPartOf\":{\"@id\":\"https:\/\/xauentours.com\/es\/#website\"},\"datePublished\":\"2019-12-10T09:39:26+00:00\",\"dateModified\":\"2024-10-30T19:42:09+00:00\",\"description\":\"The Full daytrip to chefchaouen & the panoramic of Tangier offers an excellent opportunity to spend the day exploring this artistic blue-city\",\"inLanguage\":\"es\",\"potentialAction\":[{\"@type\":\"ReadAction\",\"target\":[\"https:\/\/xauentours.com\/es\/visitas\/\"]}]}]}<\/script>\n<!-- \/ Yoast SEO Premium plugin. -->","_links":{"self":[{"href":"https:\/\/xauentours.com\/es\/wp-json\/wp\/v2\/pages\/7076"}],"collection":[{"href":"https:\/\/xauentours.com\/es\/wp-json\/wp\/v2\/pages"}],"about":[{"href":"https:\/\/xauentours.com\/es\/wp-json\/wp\/v2\/types\/page"}],"author":[{"embeddable":true,"href":"https:\/\/xauentours.com\/es\/wp-json\/wp\/v2\/users\/3"}],"replies":[{"embeddable":true,"href":"https:\/\/xauentours.com\/es\/wp-json\/wp\/v2\/comments?post=7076"}],"version-history":[{"count":1,"href":"https:\/\/xauentours.com\/es\/wp-json\/wp\/v2\/pages\/7076\/revisions"}],"predecessor-version":[{"id":7528,"href":"https:\/\/xauentours.com\/es\/wp-json\/wp\/v2\/pages\/7076\/revisions\/7528"}],"wp:attachment":[{"href":"https:\/\/xauentours.com\/es\/wp-json\/wp\/v2\/media?parent=7076"}],"curies":[{"name":"wp","href":"https:\/\/api.w.org\/{rel}","templated":true}]}}